{"id":29,"date":"2018-12-30T21:57:58","date_gmt":"2018-12-30T21:57:58","guid":{"rendered":"http:\/\/schuetzenverein-neuhausen.de\/?page_id=29"},"modified":"2025-07-02T09:48:05","modified_gmt":"2025-07-02T09:48:05","slug":"schuetzenhaus","status":"publish","type":"page","link":"https:\/\/kksv-neuhausen.de\/?page_id=29","title":{"rendered":"Sch\u00fctzenhaus"},"content":{"rendered":"\n<p><strong>Anfahrt<\/strong><\/p>\n\n\n\n<p><a href=\"https:\/\/www.google.de\/maps\/place\/Kleinkalibersch%C3%BCtzenverein+Neuhausen+%2F+Erms+e.V.\/@48.5129895,9.2908679,17z\/data=!3m1!4b1!4m6!3m5!1s0x4799ed353db67aeb:0xf9f7144c95976322!8m2!3d48.5129895!4d9.2934428!16s%2Fg%2F11cscslzjd?entry=ttu&g_ep=EgoyMDI1MDExMC4wIKXMDSoASAFQAw%3D%3D\">Kleinkalibersch\u00fctzenverein Neuhausen \/ Erms e.V. \u2013 Google Maps<\/a><\/p>\n\n\n\n<p><strong>Miete<\/strong><\/p>\n\n\n\n<p>Sie sind auf der Suche nach einer Location f\u00fcr eine Feier? <br>Dann sind Sie bei uns richtig! <br>Das Sch\u00fctzenhaus bietet Platz f\u00fcr ca. 70 Personen (Gastst\u00e4ttenbestuhlung) bzw. bis zu 45 Personen (Bestuhlung in U-Form). Selbstverst\u00e4ndlich steht all unseren Mietern auch die Terrasse mit Grillstelle sowie die K\u00fcche inkl. Geschirr und Besteck zur Verf\u00fcgung. <\/p>\n\n\n\n<p>Wir haben Ihr Interesse geweckt? Dann kontaktieren Sie gerne : Roland Forster unter der Telefonnummer: 07123-60347 oder per Mail: r.forster@kksv-neuhausen.de<\/p>\n\n\n\n<p><\/p>\n","protected":false},"excerpt":{"rendered":"<p>Anfahrt Kleinkalibersch\u00fctzenverein Neuhausen \/ Erms e.V. \u2013 Google Maps Miete Sie sind auf der Suche nach einer Location f\u00fcr eine Feier? Dann sind Sie bei uns richtig! Das Sch\u00fctzenhaus bietet &hellip; <\/p>\n<p class=\"link-more\"><a href=\"https:\/\/kksv-neuhausen.de\/?page_id=29\" class=\"more-link\"><span class=\"screen-reader-text\">\u201eSch\u00fctzenhaus\u201c <\/span>weiterlesen<\/a><\/p>\n","protected":false},"author":1,"featured_media":0,"parent":0,"menu_order":0,"comment_status":"closed","ping_status":"closed","template":"","meta":{"ngg_post_thumbnail":0,"footnotes":""},"class_list":["post-29","page","type-page","status-publish","hentry"],"_links":{"self":[{"href":"https:\/\/kksv-neuhausen.de\/index.php?rest_route=\/wp\/v2\/pages\/29","targetHints":{"allow":["GET"]}}],"collection":[{"href":"https:\/\/kksv-neuhausen.de\/index.php?rest_route=\/wp\/v2\/pages"}],"about":[{"href":"https:\/\/kksv-neuhausen.de\/index.php?rest_route=\/wp\/v2\/types\/page"}],"author":[{"embeddable":true,"href":"https:\/\/kksv-neuhausen.de\/index.php?rest_route=\/wp\/v2\/users\/1"}],"replies":[{"embeddable":true,"href":"https:\/\/kksv-neuhausen.de\/index.php?rest_route=%2Fwp%2Fv2%2Fcomments&post=29"}],"version-history":[{"count":3,"href":"https:\/\/kksv-neuhausen.de\/index.php?rest_route=\/wp\/v2\/pages\/29\/revisions"}],"predecessor-version":[{"id":362,"href":"https:\/\/kksv-neuhausen.de\/index.php?rest_route=\/wp\/v2\/pages\/29\/revisions\/362"}],"wp:attachment":[{"href":"https:\/\/kksv-neuhausen.de\/index.php?rest_route=%2Fwp%2Fv2%2Fmedia&parent=29"}],"curies":[{"name":"wp","href":"https:\/\/api.w.org\/{rel}","templated":true}]}}