{"id":334,"date":"2025-01-15T16:26:23","date_gmt":"2025-01-15T16:26:23","guid":{"rendered":"http:\/\/schuetzenverein-neuhausen.de\/?page_id=334"},"modified":"2026-04-19T12:26:13","modified_gmt":"2026-04-19T12:26:13","slug":"mitglied-werden","status":"publish","type":"page","link":"https:\/\/kksv-neuhausen.de\/?page_id=334","title":{"rendered":"Mitglied werden"},"content":{"rendered":"\n<p>Du hast Lust auf ein spannendes und au\u00dfergew\u00f6hnliches Hobby? <\/p>\n\n\n\n<p>Dann werde jetzt Mitglied, indem du einfach die Beitrittserkl\u00e4rung herunterl\u00e4dst. Anschlie\u00dfend ausf\u00fcllst und an uns \u00fcbersendest.<\/p>\n\n\n\n<div class=\"wp-block-file\"><a id=\"wp-block-file--media-c7860a66-2667-4f0e-864b-54530bd7119c\" href=\"https:\/\/kksv-neuhausen.de\/wp-content\/uploads\/2026\/04\/Beitrittserklaerung-SEPAund-Datenschutz_2025.doc\">Beitrittserkla\u0308rung SEPAund Datenschutz_2025<\/a><a href=\"https:\/\/kksv-neuhausen.de\/wp-content\/uploads\/2026\/04\/Beitrittserklaerung-SEPAund-Datenschutz_2025.doc\" class=\"wp-block-file__button wp-element-button\" download aria-describedby=\"wp-block-file--media-c7860a66-2667-4f0e-864b-54530bd7119c\">Herunterladen<\/a><\/div>\n\n\n\n<p><\/p>\n\n\n\n<p>Du bist Dir nicht sicher, ob Schie\u00dfen etwas f\u00fcr Dich ist? Komm einfach vorbei und erlebe die Welt des Schie\u00dfsportes hautnah! Am besten Du kommst direkt zu unseren Trainingszeiten ins Sch\u00fctzenhaus! <\/p>\n","protected":false},"excerpt":{"rendered":"<p>Du hast Lust auf ein spannendes und au\u00dfergew\u00f6hnliches Hobby? Dann werde jetzt Mitglied, indem du einfach die Beitrittserkl\u00e4rung herunterl\u00e4dst. Anschlie\u00dfend ausf\u00fcllst und an uns \u00fcbersendest. Du bist Dir nicht sicher, &hellip; <\/p>\n<p class=\"link-more\"><a href=\"https:\/\/kksv-neuhausen.de\/?page_id=334\" class=\"more-link\"><span class=\"screen-reader-text\">\u201eMitglied werden\u201c <\/span>weiterlesen<\/a><\/p>\n","protected":false},"author":5,"featured_media":0,"parent":0,"menu_order":0,"comment_status":"closed","ping_status":"closed","template":"","meta":{"ngg_post_thumbnail":0,"footnotes":""},"class_list":["post-334","page","type-page","status-publish","hentry"],"_links":{"self":[{"href":"https:\/\/kksv-neuhausen.de\/index.php?rest_route=\/wp\/v2\/pages\/334","targetHints":{"allow":["GET"]}}],"collection":[{"href":"https:\/\/kksv-neuhausen.de\/index.php?rest_route=\/wp\/v2\/pages"}],"about":[{"href":"https:\/\/kksv-neuhausen.de\/index.php?rest_route=\/wp\/v2\/types\/page"}],"author":[{"embeddable":true,"href":"https:\/\/kksv-neuhausen.de\/index.php?rest_route=\/wp\/v2\/users\/5"}],"replies":[{"embeddable":true,"href":"https:\/\/kksv-neuhausen.de\/index.php?rest_route=%2Fwp%2Fv2%2Fcomments&post=334"}],"version-history":[{"count":3,"href":"https:\/\/kksv-neuhausen.de\/index.php?rest_route=\/wp\/v2\/pages\/334\/revisions"}],"predecessor-version":[{"id":520,"href":"https:\/\/kksv-neuhausen.de\/index.php?rest_route=\/wp\/v2\/pages\/334\/revisions\/520"}],"wp:attachment":[{"href":"https:\/\/kksv-neuhausen.de\/index.php?rest_route=%2Fwp%2Fv2%2Fmedia&parent=334"}],"curies":[{"name":"wp","href":"https:\/\/api.w.org\/{rel}","templated":true}]}}